{"id":20,"date":"2018-02-12T14:47:11","date_gmt":"2018-02-12T14:47:11","guid":{"rendered":"http:\/\/julianvasquez.com.co\/?page_id=20"},"modified":"2022-05-03T02:21:02","modified_gmt":"2022-05-03T02:21:02","slug":"sobre-mi","status":"publish","type":"page","link":"https:\/\/julianvasquez.com.co\/?page_id=20","title":{"rendered":"Sobre m\u00ed"},"content":{"rendered":"<style>\/*! elementor - v3.6.5 - 27-04-2022 *\/\n.elementor-heading-title{padding:0;margin:0;line-height:1}.elementor-widget-heading .elementor-heading-title[class*=elementor-size-]>a{color:inherit;font-size:inherit;line-height:inherit}.elementor-widget-heading .elementor-heading-title.elementor-size-small{font-size:15px}.elementor-widget-heading .elementor-heading-title.elementor-size-medium{font-size:19px}.elementor-widget-heading .elementor-heading-title.elementor-size-large{font-size:29px}.elementor-widget-heading .elementor-heading-title.elementor-size-xl{font-size:39px}.elementor-widget-heading .elementor-heading-title.elementor-size-xxl{font-size:59px}<\/style>\n<h1>Sobre m\u00ed<\/h1>\n<h2>\u00bfQui\u00e9n soy?<\/h2>\n<p>Soy un antioque\u00f1o enamorado de mi regi\u00f3n. Nac\u00ed en Belmira, la tierra del p\u00e1ramo, de la trucha, donde nace el agua. <b>\u00a1Soy orgullosamente belmire\u00f1o!<\/b><\/p>\n<p>Estudi\u00e9 econom\u00eda en la Universidad Aut\u00f3noma Latinoamericana y, en esa misma universidad me form\u00e9 como especialista en Gerencia Financiera; tambi\u00e9n adelant\u00e9 estudios de posgrado en Responsabilidad Social Empresarial en la Universidad de Buenos Aires; soy magister en Desarrollo de la Universidad Pontificia Bolivariana.<\/p>\n<p>Acabo de terminar mis estudios de doctorado en Econom\u00eda en la Universidad de La Coru\u00f1a, en Espa\u00f1a. Mi trabajo de grado \u201cgeograf\u00eda econ\u00f3mica y al desarrollo regional\u201d lo enfoqu\u00e9 al estudio de soluciones reales para superar la pobreza en Colombia.<\/p>\n<p>Estoy comprometido con la educaci\u00f3n, pues ha sido parte fundamental de mi vida. He sido docente de varias universidades; fui decano de la facultad de Econom\u00eda y Vicerrector de la Universidad Aut\u00f3noma Latinoamericana. Tambi\u00e9n he sido investigador del grupo de investigaciones econ\u00f3micas GINVECO de la Facultad de Econom\u00eda de la Universidad Aut\u00f3noma Latinoamericana.<\/p>\n<p>Me desempe\u00f1\u00e9 como gerente Regional de Banca P\u00fablica y Gobierno de Bancolombia y tambi\u00e9n he sido miembro del Comit\u00e9 Consultivo del \u00d3rgano Colegiado de Administraci\u00f3n y Decisi\u00f3n (OCAD).<\/p>\n<p>Durante mi gesti\u00f3n como gerente del IDEA, he tenido el reto de liderar la recuperaci\u00f3n econ\u00f3mica de Antioquia durante la crisis sanitaria y econ\u00f3mica generada por la pandemia. Junto con mi equipo de trabajo, dise\u00f1amos estrategias para reactivar la econom\u00eda de las entidades territoriales a trav\u00e9s de alivios y estrategias de trabajo conjunto.<\/p>\n<style>\/*! elementor - v3.6.5 - 27-04-2022 *\/\n.elementor-widget-image-carousel .swiper-container{position:static}.elementor-widget-image-carousel .swiper-container .swiper-slide figure{line-height:inherit}.elementor-widget-image-carousel .swiper-slide{text-align:center}.elementor-image-carousel-wrapper:not(.swiper-container-initialized) .swiper-slide{max-width:calc(100% \/ var(--e-image-carousel-slides-to-show, 3))}<\/style>\n<figure><img decoding=\"async\" src=\"http:\/\/julianvasquez.com.co\/wp-content\/uploads\/2022\/04\/WhatsApp-Image-2022-04-06-at-2.27.56-PM-2-300x200.jpeg\" alt=\"Juli\u00e1n V\u00e1squez - Gerente del IDEA\" \/><figcaption>Desde el IDEA hemos sido protagonistas en la reactivaci\u00f3n econ\u00f3mica de Antioquia<\/figcaption><\/figure>\n<figure><img decoding=\"async\" src=\"http:\/\/julianvasquez.com.co\/wp-content\/uploads\/2022\/04\/WhatsApp-Image-2022-04-06-at-2.27.58-PM-2-300x200.jpeg\" alt=\"Rendimos cuentas para garantizar la transparencia de nuestra gesti\u00f3n\" \/><figcaption>Rendimos cuentas para garantizar la transparencia de nuestra gesti\u00f3n<\/figcaption><\/figure>\n<figure><img decoding=\"async\" src=\"http:\/\/julianvasquez.com.co\/wp-content\/uploads\/2022\/05\/WhatsApp-Image-2022-04-06-at-2.17.30-PM-2-300x200.jpeg\" alt=\"Hacemos seguimiento permanente para que los recursos p\u00fablicos sean bien invertidos\" \/><figcaption>Hacemos seguimiento permanente para que los recursos p\u00fablicos sean bien invertidos<\/figcaption><\/figure>\n<figure><img decoding=\"async\" src=\"http:\/\/julianvasquez.com.co\/wp-content\/uploads\/2022\/04\/WhatsApp-Image-2022-04-06-at-2.21.55-PM-1-300x200.jpeg\" alt=\"Los antioque\u00f1os, nuestra inspiraci\u00f3n\" \/><figcaption>Los antioque\u00f1os son nuestra inspiraci\u00f3n<\/figcaption><\/figure>\n<figure><img decoding=\"async\" src=\"http:\/\/julianvasquez.com.co\/wp-content\/uploads\/2022\/05\/WhatsApp-Image-2022-04-06-at-9.49.55-AM-copia-300x227.jpeg\" alt=\"La bici es una de mis grandes pasiones\" \/><figcaption>La bici es una de mis grandes pasiones <\/figcaption><\/figure>\n<p>\t\t\t\t\t\t\t\t\t\t\t\tAnterior<br \/>\n\t\t\t\t\t\t\t\t\t\t\t\tSiguiente<\/p>\n<h2>Mi gesti\u00f3n al frente del IDEA<\/h2>\n<p>Han sido casi dos a\u00f1os emocionantes, en los que hemos puesto nuestros recursos y capacidades al servicio de los antioque\u00f1os.\u00a0<\/p>\n<p><b>Conoce m\u00e1s sobre esta gesti\u00f3n.<\/b><\/p>\n<p>https:\/\/youtu.be\/EDiF4IgPh-k\t\t<\/p>\n<h2>\u00bfTienes una idea para Antioquia?<\/h2>\n<h3><strong>Nuestra riqueza est\u00e1 en nuestra tierra y en nuestra gente.\u00a0<\/strong><\/h3>\n<style>\/*! elementor - v3.6.5 - 27-04-2022 *\/\n.elementor-widget-divider{--divider-border-style:none;--divider-border-width:1px;--divider-color:#2c2c2c;--divider-icon-size:20px;--divider-element-spacing:10px;--divider-pattern-height:24px;--divider-pattern-size:20px;--divider-pattern-url:none;--divider-pattern-repeat:repeat-x}.elementor-widget-divider .elementor-divider{display:-webkit-box;display:-ms-flexbox;display:flex}.elementor-widget-divider .elementor-divider__text{font-size:15px;line-height:1;max-width:95%}.elementor-widget-divider .elementor-divider__element{margin:0 var(--divider-element-spacing);-ms-flex-negative:0;flex-shrink:0}.elementor-widget-divider .elementor-icon{font-size:var(--divider-icon-size)}.elementor-widget-divider .elementor-divider-separator{display:-webkit-box;display:-ms-flexbox;display:flex;margin:0;direction:ltr}.elementor-widget-divider--view-line_icon .elementor-divider-separator,.elementor-widget-divider--view-line_text .elementor-divider-separator{-webkit-box-align:center;-ms-flex-align:center;align-items:center}.elementor-widget-divider--view-line_icon .elementor-divider-separator:after,.elementor-widget-divider--view-line_icon .elementor-divider-separator:before,.elementor-widget-divider--view-line_text .elementor-divider-separator:after,.elementor-widget-divider--view-line_text .elementor-divider-separator:before{display:block;content:\"\";border-bottom:0;-webkit-box-flex:1;-ms-flex-positive:1;flex-grow:1;border-top:var(--divider-border-width) var(--divider-border-style) var(--divider-color)}.elementor-widget-divider--element-align-left .elementor-divider .elementor-divider-separator>.elementor-divider__svg:first-of-type{-webkit-box-flex:0;-ms-flex-positive:0;flex-grow:0;-ms-flex-negative:100;flex-shrink:100}.elementor-widget-divider--element-align-left .elementor-divider-separator:before{content:none}.elementor-widget-divider--element-align-left .elementor-divider__element{margin-left:0}.elementor-widget-divider--element-align-right .elementor-divider .elementor-divider-separator>.elementor-divider__svg:last-of-type{-webkit-box-flex:0;-ms-flex-positive:0;flex-grow:0;-ms-flex-negative:100;flex-shrink:100}.elementor-widget-divider--element-align-right .elementor-divider-separator:after{content:none}.elementor-widget-divider--element-align-right .elementor-divider__element{margin-right:0}.elementor-widget-divider:not(.elementor-widget-divider--view-line_text):not(.elementor-widget-divider--view-line_icon) .elementor-divider-separator{border-top:var(--divider-border-width) var(--divider-border-style) var(--divider-color)}.elementor-widget-divider--separator-type-pattern{--divider-border-style:none}.elementor-widget-divider--separator-type-pattern.elementor-widget-divider--view-line .elementor-divider-separator,.elementor-widget-divider--separator-type-pattern:not(.elementor-widget-divider--view-line) .elementor-divider-separator:after,.elementor-widget-divider--separator-type-pattern:not(.elementor-widget-divider--view-line) .elementor-divider-separator:before,.elementor-widget-divider--separator-type-pattern:not([class*=elementor-widget-divider--view]) .elementor-divider-separator{width:100%;min-height:var(--divider-pattern-height);-webkit-mask-size:var(--divider-pattern-size) 100%;mask-size:var(--divider-pattern-size) 100%;-webkit-mask-repeat:var(--divider-pattern-repeat);mask-repeat:var(--divider-pattern-repeat);background-color:var(--divider-color);-webkit-mask-image:var(--divider-pattern-url);mask-image:var(--divider-pattern-url)}.elementor-widget-divider--no-spacing{--divider-pattern-size:auto}.elementor-widget-divider--bg-round{--divider-pattern-repeat:round}.rtl .elementor-widget-divider .elementor-divider__text{direction:rtl}<\/style>\n<p>Pero debemos trabajar unidos para potenciar nuestras capacidades, aprovechar la tecnolog\u00eda y proponer soluciones desde el territorio a problem\u00e1ticas que, hist\u00f3ricamente nos han afectado como la pobreza, la desigualdad y la falta de oportunidades.<\/p>\n<p>Seguro que algo ya has pensado&#8230;<\/p>\n<h2>\u00bfConversamos?<\/h2>\n<p>As\u00ed como yo, t\u00fa tambi\u00e9n tienes ideas y propuestas de gran impacto para nuestro departamento.<\/p>\n<p>\t\t\t<a href=\"#\" role=\"button\"><br \/>\n\t\t\t\t\t\tComparte tu idea<br \/>\n\t\t\t\t\t<\/a><\/p>\n","protected":false},"excerpt":{"rendered":"<p>Sobre m\u00ed \u00bfQui\u00e9n soy? Soy un antioque\u00f1o enamorado de mi regi\u00f3n. Nac\u00ed en Belmira, la tierra del p\u00e1ramo, de la trucha, donde nace el agua. \u00a1Soy orgullosamente belmire\u00f1o! Estudi\u00e9 econom\u00eda en la Universidad Aut\u00f3noma Latinoamericana y, en esa misma universidad me form\u00e9 como especialista en Gerencia Financiera; tambi\u00e9n adelant\u00e9 estudios de posgrado en Responsabilidad Social &hellip;<\/p>\n<p class=\"read-more\"> <a class=\"\" href=\"https:\/\/julianvasquez.com.co\/?page_id=20\"> <span class=\"screen-reader-text\">Sobre m\u00ed<\/span> Read More &raquo;<\/a><\/p>\n","protected":false},"author":1,"featured_media":0,"parent":0,"menu_order":0,"comment_status":"closed","ping_status":"closed","template":"","meta":{"om_disable_all_campaigns":false,"_monsterinsights_skip_tracking":false,"_monsterinsights_sitenote_active":false,"_monsterinsights_sitenote_note":"","_monsterinsights_sitenote_category":0,"site-sidebar-layout":"no-sidebar","site-content-layout":"page-builder","ast-global-header-display":"","ast-main-header-display":"","ast-hfb-above-header-display":"","ast-hfb-below-header-display":"","ast-hfb-mobile-header-display":"","site-post-title":"disabled","ast-breadcrumbs-content":"","ast-featured-img":"disabled","footer-sml-layout":"","theme-transparent-header-meta":"","adv-header-id-meta":"","stick-header-meta":"","header-above-stick-meta":"","header-main-stick-meta":"","header-below-stick-meta":"","footnotes":""},"class_list":["post-20","page","type-page","status-publish","hentry"],"_links":{"self":[{"href":"https:\/\/julianvasquez.com.co\/index.php?rest_route=\/wp\/v2\/pages\/20","targetHints":{"allow":["GET"]}}],"collection":[{"href":"https:\/\/julianvasquez.com.co\/index.php?rest_route=\/wp\/v2\/pages"}],"about":[{"href":"https:\/\/julianvasquez.com.co\/index.php?rest_route=\/wp\/v2\/types\/page"}],"author":[{"embeddable":true,"href":"https:\/\/julianvasquez.com.co\/index.php?rest_route=\/wp\/v2\/users\/1"}],"replies":[{"embeddable":true,"href":"https:\/\/julianvasquez.com.co\/index.php?rest_route=%2Fwp%2Fv2%2Fcomments&post=20"}],"version-history":[{"count":92,"href":"https:\/\/julianvasquez.com.co\/index.php?rest_route=\/wp\/v2\/pages\/20\/revisions"}],"predecessor-version":[{"id":690,"href":"https:\/\/julianvasquez.com.co\/index.php?rest_route=\/wp\/v2\/pages\/20\/revisions\/690"}],"wp:attachment":[{"href":"https:\/\/julianvasquez.com.co\/index.php?rest_route=%2Fwp%2Fv2%2Fmedia&parent=20"}],"curies":[{"name":"wp","href":"https:\/\/api.w.org\/{rel}","templated":true}]}}