{"id":855,"date":"2022-06-06T20:32:24","date_gmt":"2022-06-06T20:32:24","guid":{"rendered":"http:\/\/julianvasquez.com.co\/?page_id=855"},"modified":"2022-06-07T14:37:54","modified_gmt":"2022-06-07T14:37:54","slug":"elementor-855","status":"publish","type":"page","link":"https:\/\/julianvasquez.com.co\/?page_id=855","title":{"rendered":"Blog"},"content":{"rendered":"<style>\/*! elementor - v3.6.5 - 27-04-2022 *\/\n.elementor-heading-title{padding:0;margin:0;line-height:1}.elementor-widget-heading .elementor-heading-title[class*=elementor-size-]>a{color:inherit;font-size:inherit;line-height:inherit}.elementor-widget-heading .elementor-heading-title.elementor-size-small{font-size:15px}.elementor-widget-heading .elementor-heading-title.elementor-size-medium{font-size:19px}.elementor-widget-heading .elementor-heading-title.elementor-size-large{font-size:29px}.elementor-widget-heading .elementor-heading-title.elementor-size-xl{font-size:39px}.elementor-widget-heading .elementor-heading-title.elementor-size-xxl{font-size:59px}<\/style>\n<h2><b>BLOG<\/b><\/h2>\n<p>\t\t\t\t<img decoding=\"async\" src=\"http:\/\/2.gravatar.com\/avatar\/e266a2ba3c1a099556b90142e7822356?s=96&#038;d=mm&#038;r=g\"><br \/>\n\t\t\t\t<a href=\"http:\/\/julianvasquez.com.co\/?p=880\" rel=\"bookmark\">Instituciones que generen confianza<\/a>\t\t\t\t\t Colombia no es un fen\u00f3meno ajeno al panorama internacional, aunque s\u00ed m\u00e1s pronunciado en la desconfianza generalizada en la institucionalidad y en los l\u00edderes que la representan. Esta realidad esconde&hellip;<br \/>\n\t\t\t\t\t\tjulianvasquez | junio 6, 2022<br \/>\n\t\t\t\t\t\t<img decoding=\"async\" src=\"http:\/\/2.gravatar.com\/avatar\/e266a2ba3c1a099556b90142e7822356?s=96&#038;d=mm&#038;r=g\"><br \/>\n\t\t\t\t\t<a href=\"http:\/\/julianvasquez.com.co\/?p=875\" rel=\"bookmark\">N\u00f3madas digitales<\/a>\t\t\t\t\t\t El surgimiento de la sociedad basada en la informaci\u00f3n est\u00e1 generando una&hellip;<br \/>\n\t\t\t\t\t\tjulianvasquez | junio 6, 2022<br \/>\n\t\t\t\t\t\t<img decoding=\"async\" src=\"http:\/\/2.gravatar.com\/avatar\/e266a2ba3c1a099556b90142e7822356?s=96&#038;d=mm&#038;r=g\"><br \/>\n\t\t\t\t\t<a href=\"http:\/\/julianvasquez.com.co\/?p=848\" rel=\"bookmark\">Igualdad de g\u00e9nero en el uso del tiempo<\/a>\t\t\t\t\t\t El tiempo desde la antigua Grecia hasta Stephen Hawking ha sido materia&hellip;<br \/>\n\t\t\t\t\t\tjulianvasquez | junio 6, 2022<br \/>\n\t\t\t\t\t<img decoding=\"async\" src=\"http:\/\/2.gravatar.com\/avatar\/e266a2ba3c1a099556b90142e7822356?s=96&#038;d=mm&#038;r=g\"><br \/>\n\t\t\t\t<a href=\"http:\/\/julianvasquez.com.co\/?p=842\" rel=\"bookmark\">Los m\u00e1s ricos de toda la historia<\/a>\t\t\t\t\t Se est\u00e1 volviendo costumbre que toda manifestaci\u00f3n termine en enfrentamientos, destrucci\u00f3n de&hellip;<br \/>\n\t\t\t\t\t\t\t\t\tjulianvasquez | junio 6, 2022<br \/>\n\t\t\t\t\t<img decoding=\"async\" src=\"http:\/\/2.gravatar.com\/avatar\/e266a2ba3c1a099556b90142e7822356?s=96&#038;d=mm&#038;r=g\"><br \/>\n\t\t\t\t<a href=\"http:\/\/julianvasquez.com.co\/?p=839\" rel=\"bookmark\">Responsabilidad con el desarrollo<\/a>\t\t\t\t\t La actualizaci\u00f3n catastral cumple un papel trascendental en materia de ordenamiento territorial,&hellip;<br \/>\n\t\t\t\t\t\t\t\t\tjulianvasquez | junio 6, 2022<\/p>\n","protected":false},"excerpt":{"rendered":"<p>BLOG Instituciones que generen confianza Colombia no es un fen\u00f3meno ajeno al panorama internacional, aunque s\u00ed m\u00e1s pronunciado en la desconfianza generalizada en la institucionalidad y en los l\u00edderes que la representan. Esta realidad esconde&hellip; julianvasquez | junio 6, 2022 N\u00f3madas digitales El surgimiento de la sociedad basada en la informaci\u00f3n est\u00e1 generando una&hellip; julianvasquez &hellip;<\/p>\n<p class=\"read-more\"> <a class=\"\" href=\"https:\/\/julianvasquez.com.co\/?page_id=855\"> <span class=\"screen-reader-text\">Blog<\/span> Read More &raquo;<\/a><\/p>\n","protected":false},"author":1,"featured_media":0,"parent":0,"menu_order":0,"comment_status":"closed","ping_status":"closed","template":"","meta":{"om_disable_all_campaigns":false,"_monsterinsights_skip_tracking":false,"_monsterinsights_sitenote_active":false,"_monsterinsights_sitenote_note":"","_monsterinsights_sitenote_category":0,"site-sidebar-layout":"no-sidebar","site-content-layout":"page-builder","ast-global-header-display":"","ast-main-header-display":"","ast-hfb-above-header-display":"","ast-hfb-below-header-display":"","ast-hfb-mobile-header-display":"","site-post-title":"disabled","ast-breadcrumbs-content":"","ast-featured-img":"disabled","footer-sml-layout":"","theme-transparent-header-meta":"","adv-header-id-meta":"","stick-header-meta":"","header-above-stick-meta":"","header-main-stick-meta":"","header-below-stick-meta":"","footnotes":""},"class_list":["post-855","page","type-page","status-publish","hentry"],"_links":{"self":[{"href":"https:\/\/julianvasquez.com.co\/index.php?rest_route=\/wp\/v2\/pages\/855","targetHints":{"allow":["GET"]}}],"collection":[{"href":"https:\/\/julianvasquez.com.co\/index.php?rest_route=\/wp\/v2\/pages"}],"about":[{"href":"https:\/\/julianvasquez.com.co\/index.php?rest_route=\/wp\/v2\/types\/page"}],"author":[{"embeddable":true,"href":"https:\/\/julianvasquez.com.co\/index.php?rest_route=\/wp\/v2\/users\/1"}],"replies":[{"embeddable":true,"href":"https:\/\/julianvasquez.com.co\/index.php?rest_route=%2Fwp%2Fv2%2Fcomments&post=855"}],"version-history":[{"count":14,"href":"https:\/\/julianvasquez.com.co\/index.php?rest_route=\/wp\/v2\/pages\/855\/revisions"}],"predecessor-version":[{"id":895,"href":"https:\/\/julianvasquez.com.co\/index.php?rest_route=\/wp\/v2\/pages\/855\/revisions\/895"}],"wp:attachment":[{"href":"https:\/\/julianvasquez.com.co\/index.php?rest_route=%2Fwp%2Fv2%2Fmedia&parent=855"}],"curies":[{"name":"wp","href":"https:\/\/api.w.org\/{rel}","templated":true}]}}